{"id":2,"date":"2009-08-30T10:09:31","date_gmt":"2009-08-30T08:09:31","guid":{"rendered":"https:\/\/juliencoquet.com\/?page_id=2"},"modified":"2025-07-18T16:20:38","modified_gmt":"2025-07-18T14:20:38","slug":"a-propos-julien-coquet-expert-analytics","status":"publish","type":"page","link":"https:\/\/juliencoquet.com\/fr\/a-propos-julien-coquet-expert-analytics\/","title":{"rendered":"\u00c0 propos de Julien Coquet"},"content":{"rendered":"\n<figure class=\"wp-block-image alignright size-full is-resized\"><img loading=\"lazy\" decoding=\"async\" width=\"712\" height=\"830\" src=\"https:\/\/juliencoquet.com\/wp-content\/uploads\/2024\/09\/julien-coquet-portrait-superweek-2024.png\" alt=\"Julien Coquet - expert data analytics cloud\" class=\"wp-image-3148\" style=\"width:256px;height:auto\" srcset=\"https:\/\/juliencoquet.com\/wp-content\/uploads\/2024\/09\/julien-coquet-portrait-superweek-2024.png 712w, https:\/\/juliencoquet.com\/wp-content\/uploads\/2024\/09\/julien-coquet-portrait-superweek-2024-257x300.png 257w\" sizes=\"auto, (max-width: 712px) 100vw, 712px\" \/><\/figure>\n\n\n\n<p>Expert de la mesure d&rsquo;audience sur Internet depuis plus de 30 ans, Julien Coquet est consultant digital analytics, cloud et ing\u00e9nierie data.<\/p>\n\n\n\n<p>Julien aide les entreprises \u00e0 piloter leur strat\u00e9gie marketing digitale&nbsp;gr\u00e2ce \u00e0 la collecte et l&rsquo;analyse de donn\u00e9es concr\u00e8tes.<\/p>\n\n\n\n<p>Il a travaill\u00e9 pour des noms prestigieux tels que 3 Suisses, Airbus\/EADS, Audi, Bayer, Canal Plus, Carrefour, Cartier, SFR, Chanel, CIO, Danone, Decathlon, HP, ING, La Redoute, L\u2019Or\u00e9al, Le Monde, Le Point, MSD, Nestl\u00e9, Orange, Oscaro, Ouest France, Philips, RTL, Samsung, Schneider Electric, Soci\u00e9t\u00e9 G\u00e9n\u00e9rale, Total, Toyota, Volvo &#8211; et bien d&rsquo;autres encore!<\/p>\n\n\n\n<p>Julien Coquet est leader d&rsquo;opinion en France, en Europe et dans le monde sur de nombreux sujets ayant trait au marketing digital. Son expertise est&nbsp;reconnue par les annonceurs et les \u00e9diteurs. Il fait figure de r\u00e9f\u00e9rence en France sur le sujet des web\/digital analytics et il est Top Contributeur Google.<\/p>\n\n\n\n<h2 class=\"wp-block-heading\">Ouvrages<\/h2>\n\n\n\n<p>Julien a traduit des ouvrages de r\u00e9f\u00e9rence dans le domaine des web analytics:<\/p>\n\n\n\n<ul class=\"wp-block-list\">\n<li><a href=\"https:\/\/www.amazon.fr\/gp\/product\/2212128010\/ref=as_li_tf_il?ie=UTF8&amp;tag=julicoquneglq-21&amp;linkCode=as2&amp;camp=1642&amp;creative=6746&amp;creativeASIN=2212128010\">Web Analytics 2.0<\/a> de <a href=\"https:\/\/www.kaushik.net\">Avinash Kaushik<br><br><\/a>Essentiel pour&nbsp;devenir rapidement op\u00e9rationnel en analytics!<\/li>\n\n\n\n<li><a href=\"https:\/\/www.webkpi.fr\">The Big Book of Key Performance Indicators<\/a> de <a href=\"https:\/\/analyticsdemystified.com\/\">Eric Peterson<\/a><br><br>D\u00e9finissez vos indicateurs cl\u00e9 de performance et pilotez avec des donn\u00e9es, pas \u00e0 l&rsquo;intuition!<\/li>\n<\/ul>\n\n\n\n<h2 class=\"wp-block-heading\">R\u00e9seaux sociaux<\/h2>\n\n\n\n<p>Vous pourrez retrouver Julien sur diff\u00e9rents r\u00e9seaux sociaux:<\/p>\n\n\n\n<ul class=\"wp-block-list\">\n<li><a href=\"https:\/\/www.linkedin.com\/in\/juliencoquet\">Linkedin<\/a><\/li>\n\n\n\n<li><a href=\"https:\/\/github.com\/analyticsftw\">GitHub<\/a><\/li>\n\n\n\n<li><a href=\"https:\/\/medium.com\/@juliencoquet\">Medium<\/a><\/li>\n\n\n\n<li><a href=\"https:\/\/bsky.app\/profile\/juliencoquet.com\">Bluesky<\/a><\/li>\n\n\n\n<li><a href=\"https:\/\/linktr.ee\/juliencoquet\">Autres r\u00e9seaux sociaux<\/a><\/li>\n<\/ul>\n\n\n\n<h2 class=\"wp-block-heading\">T\u00e9l\u00e9charger le CV<\/h2>\n\n\n\n<ul class=\"wp-block-list\">\n<li><a href=\"https:\/\/juliencoquet.com\/wp-content\/uploads\/2025\/07\/Julien-Coquet-resume-2025-FR.pdf\">CV Julien Coquet<\/a>\u00a0(PDF, fran\u00e7ais)<\/li>\n<\/ul>\n\n\n\n<h2 class=\"wp-block-heading\">Contacter Julien<\/h2>\n\n\n\n<p>Julien est \u00e9galement consultant, <a title=\"Conf\u00e9rences\" href=\"https:\/\/juliencoquet.com\/conferences\/\">conf\u00e9rencier<\/a> et formateur sur de nombreux sujets autour du marketing digital.<br><strong>Vous pouvez contacter Julien via le formulaire de contact ci dessous:<\/strong><\/p>\n\n\n<p>[contact-form-7 id=\u00a0\u00bb1278&Prime; title=\u00a0\u00bbContact form FR\u00a0\u00bb]<\/p>\n\n\n\n<p><\/p>\n","protected":false},"excerpt":{"rendered":"<p>Expert de la mesure d&rsquo;audience sur Internet depuis plus de 30 ans, Julien Coquet est consultant digital analytics, cloud et ing\u00e9nierie data. Julien aide les entreprises \u00e0 piloter leur strat\u00e9gie marketing digitale&nbsp;gr\u00e2ce \u00e0 la collecte et l&rsquo;analyse de donn\u00e9es concr\u00e8tes. Il a travaill\u00e9 pour des noms prestigieux tels que 3 Suisses, Airbus\/EADS, Audi, Bayer, Canal [&hellip;]<\/p>\n","protected":false},"author":2,"featured_media":0,"parent":0,"menu_order":1,"comment_status":"open","ping_status":"open","template":"","meta":{"_locale":"fr_FR","_original_post":"2","footnotes":""},"class_list":["post-2","page","type-page","status-publish","hentry","fr-FR"],"yoast_head":"<!-- This site is optimized with the Yoast SEO plugin v27.5 - https:\/\/yoast.com\/product\/yoast-seo-wordpress\/ -->\n<title>A propos de Julien Coquet - expert digital analytics<\/title>\n<meta name=\"description\" content=\"A propos de Julien Coquet, expert de la mesure d&#039;audience digitale, leader d&#039;opinion, consultant, formateur et conf\u00e9rencier.\" \/>\n<meta name=\"robots\" content=\"index, follow, max-snippet:-1, max-image-preview:large, max-video-preview:-1\" \/>\n<link rel=\"canonical\" href=\"https:\/\/juliencoquet.com\/fr\/a-propos-julien-coquet-expert-analytics\/\" \/>\n<meta property=\"og:locale\" content=\"fr_FR\" \/>\n<meta property=\"og:type\" content=\"article\" \/>\n<meta property=\"og:title\" content=\"A propos de Julien Coquet - expert digital analytics\" \/>\n<meta property=\"og:description\" content=\"A propos de Julien Coquet, expert de la mesure d&#039;audience digitale, leader d&#039;opinion, consultant, formateur et conf\u00e9rencier.\" \/>\n<meta property=\"og:url\" content=\"https:\/\/juliencoquet.com\/fr\/a-propos-julien-coquet-expert-analytics\/\" \/>\n<meta property=\"og:site_name\" content=\"Julien Coquet\" \/>\n<meta property=\"article:modified_time\" content=\"2025-07-18T14:20:38+00:00\" \/>\n<meta property=\"og:image\" content=\"https:\/\/juliencoquet.com\/wp-content\/uploads\/2024\/09\/julien-coquet-portrait-superweek-2024.png\" \/>\n\t<meta property=\"og:image:width\" content=\"712\" \/>\n\t<meta property=\"og:image:height\" content=\"830\" \/>\n\t<meta property=\"og:image:type\" content=\"image\/png\" \/>\n<meta name=\"twitter:card\" content=\"summary_large_image\" \/>\n<meta name=\"twitter:label1\" content=\"Dur\u00e9e de lecture estim\u00e9e\" \/>\n\t<meta name=\"twitter:data1\" content=\"2 minutes\" \/>\n<script type=\"application\/ld+json\" class=\"yoast-schema-graph\">{\"@context\":\"https:\\\/\\\/schema.org\",\"@graph\":[{\"@type\":\"WebPage\",\"@id\":\"https:\\\/\\\/juliencoquet.com\\\/fr\\\/a-propos-julien-coquet-expert-analytics\\\/\",\"url\":\"https:\\\/\\\/juliencoquet.com\\\/fr\\\/a-propos-julien-coquet-expert-analytics\\\/\",\"name\":\"A propos de Julien Coquet - expert digital analytics\",\"isPartOf\":{\"@id\":\"https:\\\/\\\/juliencoquet.com\\\/#website\"},\"primaryImageOfPage\":{\"@id\":\"https:\\\/\\\/juliencoquet.com\\\/fr\\\/a-propos-julien-coquet-expert-analytics\\\/#primaryimage\"},\"image\":{\"@id\":\"https:\\\/\\\/juliencoquet.com\\\/fr\\\/a-propos-julien-coquet-expert-analytics\\\/#primaryimage\"},\"thumbnailUrl\":\"https:\\\/\\\/juliencoquet.com\\\/wp-content\\\/uploads\\\/2024\\\/09\\\/julien-coquet-portrait-superweek-2024.png\",\"datePublished\":\"2009-08-30T08:09:31+00:00\",\"dateModified\":\"2025-07-18T14:20:38+00:00\",\"description\":\"A propos de Julien Coquet, expert de la mesure d'audience digitale, leader d'opinion, consultant, formateur et conf\u00e9rencier.\",\"breadcrumb\":{\"@id\":\"https:\\\/\\\/juliencoquet.com\\\/fr\\\/a-propos-julien-coquet-expert-analytics\\\/#breadcrumb\"},\"inLanguage\":\"fr-FR\",\"potentialAction\":[{\"@type\":\"ReadAction\",\"target\":[\"https:\\\/\\\/juliencoquet.com\\\/fr\\\/a-propos-julien-coquet-expert-analytics\\\/\"]}]},{\"@type\":\"ImageObject\",\"inLanguage\":\"fr-FR\",\"@id\":\"https:\\\/\\\/juliencoquet.com\\\/fr\\\/a-propos-julien-coquet-expert-analytics\\\/#primaryimage\",\"url\":\"https:\\\/\\\/juliencoquet.com\\\/wp-content\\\/uploads\\\/2024\\\/09\\\/julien-coquet-portrait-superweek-2024.png\",\"contentUrl\":\"https:\\\/\\\/juliencoquet.com\\\/wp-content\\\/uploads\\\/2024\\\/09\\\/julien-coquet-portrait-superweek-2024.png\",\"width\":712,\"height\":830,\"caption\":\"Julien Coquet - expert data analytics cloud\"},{\"@type\":\"BreadcrumbList\",\"@id\":\"https:\\\/\\\/juliencoquet.com\\\/fr\\\/a-propos-julien-coquet-expert-analytics\\\/#breadcrumb\",\"itemListElement\":[{\"@type\":\"ListItem\",\"position\":1,\"name\":\"Home\",\"item\":\"https:\\\/\\\/juliencoquet.com\\\/\"},{\"@type\":\"ListItem\",\"position\":2,\"name\":\"\u00c0 propos de Julien Coquet\"}]},{\"@type\":\"WebSite\",\"@id\":\"https:\\\/\\\/juliencoquet.com\\\/#website\",\"url\":\"https:\\\/\\\/juliencoquet.com\\\/\",\"name\":\"Julien Coquet\",\"description\":\"\",\"publisher\":{\"@id\":\"https:\\\/\\\/juliencoquet.com\\\/#\\\/schema\\\/person\\\/16345764b7c7529e428e37fd635ed8ea\"},\"potentialAction\":[{\"@type\":\"SearchAction\",\"target\":{\"@type\":\"EntryPoint\",\"urlTemplate\":\"https:\\\/\\\/juliencoquet.com\\\/?s={search_term_string}\"},\"query-input\":{\"@type\":\"PropertyValueSpecification\",\"valueRequired\":true,\"valueName\":\"search_term_string\"}}],\"inLanguage\":\"fr-FR\"},{\"@type\":[\"Person\",\"Organization\"],\"@id\":\"https:\\\/\\\/juliencoquet.com\\\/#\\\/schema\\\/person\\\/16345764b7c7529e428e37fd635ed8ea\",\"name\":\"julien\",\"image\":{\"@type\":\"ImageObject\",\"inLanguage\":\"fr-FR\",\"@id\":\"https:\\\/\\\/juliencoquet.com\\\/wp-content\\\/uploads\\\/2026\\\/02\\\/julien-coquet-expert-analytics-consultant.jpg\",\"url\":\"https:\\\/\\\/juliencoquet.com\\\/wp-content\\\/uploads\\\/2026\\\/02\\\/julien-coquet-expert-analytics-consultant.jpg\",\"contentUrl\":\"https:\\\/\\\/juliencoquet.com\\\/wp-content\\\/uploads\\\/2026\\\/02\\\/julien-coquet-expert-analytics-consultant.jpg\",\"width\":576,\"height\":576,\"caption\":\"julien\"},\"logo\":{\"@id\":\"https:\\\/\\\/juliencoquet.com\\\/wp-content\\\/uploads\\\/2026\\\/02\\\/julien-coquet-expert-analytics-consultant.jpg\"},\"sameAs\":[\"https:\\\/\\\/juliencoquet.com\"]}]}<\/script>\n<!-- \/ Yoast SEO plugin. -->","yoast_head_json":{"title":"A propos de Julien Coquet - expert digital analytics","description":"A propos de Julien Coquet, expert de la mesure d'audience digitale, leader d'opinion, consultant, formateur et conf\u00e9rencier.","robots":{"index":"index","follow":"follow","max-snippet":"max-snippet:-1","max-image-preview":"max-image-preview:large","max-video-preview":"max-video-preview:-1"},"canonical":"https:\/\/juliencoquet.com\/fr\/a-propos-julien-coquet-expert-analytics\/","og_locale":"fr_FR","og_type":"article","og_title":"A propos de Julien Coquet - expert digital analytics","og_description":"A propos de Julien Coquet, expert de la mesure d'audience digitale, leader d'opinion, consultant, formateur et conf\u00e9rencier.","og_url":"https:\/\/juliencoquet.com\/fr\/a-propos-julien-coquet-expert-analytics\/","og_site_name":"Julien Coquet","article_modified_time":"2025-07-18T14:20:38+00:00","og_image":[{"width":712,"height":830,"url":"https:\/\/juliencoquet.com\/wp-content\/uploads\/2024\/09\/julien-coquet-portrait-superweek-2024.png","type":"image\/png"}],"twitter_card":"summary_large_image","twitter_misc":{"Dur\u00e9e de lecture estim\u00e9e":"2 minutes"},"schema":{"@context":"https:\/\/schema.org","@graph":[{"@type":"WebPage","@id":"https:\/\/juliencoquet.com\/fr\/a-propos-julien-coquet-expert-analytics\/","url":"https:\/\/juliencoquet.com\/fr\/a-propos-julien-coquet-expert-analytics\/","name":"A propos de Julien Coquet - expert digital analytics","isPartOf":{"@id":"https:\/\/juliencoquet.com\/#website"},"primaryImageOfPage":{"@id":"https:\/\/juliencoquet.com\/fr\/a-propos-julien-coquet-expert-analytics\/#primaryimage"},"image":{"@id":"https:\/\/juliencoquet.com\/fr\/a-propos-julien-coquet-expert-analytics\/#primaryimage"},"thumbnailUrl":"https:\/\/juliencoquet.com\/wp-content\/uploads\/2024\/09\/julien-coquet-portrait-superweek-2024.png","datePublished":"2009-08-30T08:09:31+00:00","dateModified":"2025-07-18T14:20:38+00:00","description":"A propos de Julien Coquet, expert de la mesure d'audience digitale, leader d'opinion, consultant, formateur et conf\u00e9rencier.","breadcrumb":{"@id":"https:\/\/juliencoquet.com\/fr\/a-propos-julien-coquet-expert-analytics\/#breadcrumb"},"inLanguage":"fr-FR","potentialAction":[{"@type":"ReadAction","target":["https:\/\/juliencoquet.com\/fr\/a-propos-julien-coquet-expert-analytics\/"]}]},{"@type":"ImageObject","inLanguage":"fr-FR","@id":"https:\/\/juliencoquet.com\/fr\/a-propos-julien-coquet-expert-analytics\/#primaryimage","url":"https:\/\/juliencoquet.com\/wp-content\/uploads\/2024\/09\/julien-coquet-portrait-superweek-2024.png","contentUrl":"https:\/\/juliencoquet.com\/wp-content\/uploads\/2024\/09\/julien-coquet-portrait-superweek-2024.png","width":712,"height":830,"caption":"Julien Coquet - expert data analytics cloud"},{"@type":"BreadcrumbList","@id":"https:\/\/juliencoquet.com\/fr\/a-propos-julien-coquet-expert-analytics\/#breadcrumb","itemListElement":[{"@type":"ListItem","position":1,"name":"Home","item":"https:\/\/juliencoquet.com\/"},{"@type":"ListItem","position":2,"name":"\u00c0 propos de Julien Coquet"}]},{"@type":"WebSite","@id":"https:\/\/juliencoquet.com\/#website","url":"https:\/\/juliencoquet.com\/","name":"Julien Coquet","description":"","publisher":{"@id":"https:\/\/juliencoquet.com\/#\/schema\/person\/16345764b7c7529e428e37fd635ed8ea"},"potentialAction":[{"@type":"SearchAction","target":{"@type":"EntryPoint","urlTemplate":"https:\/\/juliencoquet.com\/?s={search_term_string}"},"query-input":{"@type":"PropertyValueSpecification","valueRequired":true,"valueName":"search_term_string"}}],"inLanguage":"fr-FR"},{"@type":["Person","Organization"],"@id":"https:\/\/juliencoquet.com\/#\/schema\/person\/16345764b7c7529e428e37fd635ed8ea","name":"julien","image":{"@type":"ImageObject","inLanguage":"fr-FR","@id":"https:\/\/juliencoquet.com\/wp-content\/uploads\/2026\/02\/julien-coquet-expert-analytics-consultant.jpg","url":"https:\/\/juliencoquet.com\/wp-content\/uploads\/2026\/02\/julien-coquet-expert-analytics-consultant.jpg","contentUrl":"https:\/\/juliencoquet.com\/wp-content\/uploads\/2026\/02\/julien-coquet-expert-analytics-consultant.jpg","width":576,"height":576,"caption":"julien"},"logo":{"@id":"https:\/\/juliencoquet.com\/wp-content\/uploads\/2026\/02\/julien-coquet-expert-analytics-consultant.jpg"},"sameAs":["https:\/\/juliencoquet.com"]}]}},"_links":{"self":[{"href":"https:\/\/juliencoquet.com\/wp-json\/wp\/v2\/pages\/2","targetHints":{"allow":["GET"]}}],"collection":[{"href":"https:\/\/juliencoquet.com\/wp-json\/wp\/v2\/pages"}],"about":[{"href":"https:\/\/juliencoquet.com\/wp-json\/wp\/v2\/types\/page"}],"author":[{"embeddable":true,"href":"https:\/\/juliencoquet.com\/wp-json\/wp\/v2\/users\/2"}],"replies":[{"embeddable":true,"href":"https:\/\/juliencoquet.com\/wp-json\/wp\/v2\/comments?post=2"}],"version-history":[{"count":3,"href":"https:\/\/juliencoquet.com\/wp-json\/wp\/v2\/pages\/2\/revisions"}],"predecessor-version":[{"id":3230,"href":"https:\/\/juliencoquet.com\/wp-json\/wp\/v2\/pages\/2\/revisions\/3230"}],"wp:attachment":[{"href":"https:\/\/juliencoquet.com\/wp-json\/wp\/v2\/media?parent=2"}],"curies":[{"name":"wp","href":"https:\/\/api.w.org\/{rel}","templated":true}]}}