{"id":1172,"date":"2011-08-14T15:16:28","date_gmt":"2011-08-14T13:16:28","guid":{"rendered":"https:\/\/juliencoquet.com\/?page_id=1172"},"modified":"2019-09-16T16:54:54","modified_gmt":"2019-09-16T14:54:54","slug":"conferences","status":"publish","type":"page","link":"https:\/\/juliencoquet.com\/fr\/conferences\/","title":{"rendered":"Conf\u00e9rences"},"content":{"rendered":"\n<p>En tant qu&rsquo;expert en web\/digital analytics, je suis fr\u00e9quemment sollicit\u00e9 pour intervenir publiquement ou en entreprise pour des conf\u00e9rences, s\u00e9minaires et autres interventions. Vous retrouverez sur cette page un agenda des conf\u00e9rences et manifestations auxquelles je participerai (ou ai particip\u00e9):<\/p>\n\n\n\n<ul class=\"wp-block-list\"><li><a href=\"https:\/\/stockholm.measurecamp.org\">MeasureCamp Stockholm<\/a>, 26 Octobre<\/li><li><a href=\"https:\/\/gen.grandestnumerique.org\">Grand Est Num\u00e9rique<\/a> &#8211; Metz, 12-13 septembre<br>Pr\u00e9sentation &#8211; Apprendre \u00e0 courir avant de marcher [<a href=\"https:\/\/juliencoquet.com\/wp-content\/uploads\/2019\/09\/GEN-2019-Julien-Coquet-Apprendre-a\u0300-courir-avant-de-marcher.pdf\">PDF<\/a>]<\/li><li><a href=\"https:\/\/performanceweb.ch\/\">PerformanceWeb<\/a> &#8211; Gen\u00e8ve, 18 mai<\/li><li><a href=\"https:\/\/paris.measurecamp.org\">MeasureCamp Paris<\/a>, 25 mai<\/li><li><a href=\"https:\/\/faro.measurecamp.org\">MeasureCamp Faro<\/a>, 28 juin &#8211; <a href=\"https:\/\/juliencoquet.com\/en\/2019\/06\/30\/measurecamp-faro-2019-awesome-first-edition\/\">mon compte rendu<\/a> <\/li><\/ul>\n\n\n\n<h2 class=\"wp-block-heading\"><strong>Conf\u00e9rences auxquelles j&rsquo;ai particip\u00e9<\/strong><\/h2>\n\n\n\n<ul class=\"wp-block-list\"><li><a href=\"https:\/\/summit.adobe.com\/na\/\">Adobe Summit<\/a><ul><li>Salt Lake City<\/li><li>Las Vegas<\/li><li>Londres<\/li><\/ul><\/li><li><a href=\"https:\/\/www.emetrics.org\/sanfrancisco\/2015\/\">eMetrics <\/a><ul><li><a href=\"https:\/\/www.emetrics.org\/sanfrancisco\/2015\/\">San Francisco<\/a> <\/li><li><a href=\"https:\/\/www.emetrics.org\/chicago\/2015\/\">Chicago<\/a><\/li><li><a href=\"https:\/\/www.emetrics.org\/boston\/2015\/\">Boston<\/a> <\/li><li>Londres<\/li><li>New York<\/li><li>Paris<\/li><li>Stockholm<\/li><\/ul><\/li><li>MeasureCamp<ul><li>Londres<\/li><li>Bruxelles<\/li><li>Copenhague<\/li><li>Paris<\/li><li><\/li><\/ul><\/li><li><a href=\"https:\/\/superweek.hu\">Superweek<\/a><\/li><li>Loop Marketing Week, Riga<\/li><\/ul>\n\n\n\n<p>Vous d\u00e9sirez me faire intervenir pour une conf\u00e9rence ou une formation? Contactez moi!<\/p>\n\n\n<p>[contact-form-7 id=\u00a0\u00bb1278&Prime; title=\u00a0\u00bbContact form FR\u00a0\u00bb]<\/p>\n","protected":false},"excerpt":{"rendered":"<p>En tant qu&rsquo;expert en web\/digital analytics, je suis fr\u00e9quemment sollicit\u00e9 pour intervenir publiquement ou en entreprise pour des conf\u00e9rences, s\u00e9minaires et autres interventions. Vous retrouverez sur cette page un agenda des conf\u00e9rences et manifestations auxquelles je participerai (ou ai particip\u00e9): MeasureCamp Stockholm, 26 Octobre Grand Est Num\u00e9rique &#8211; Metz, 12-13 septembrePr\u00e9sentation &#8211; Apprendre \u00e0 courir [&hellip;]<\/p>\n","protected":false},"author":2,"featured_media":0,"parent":0,"menu_order":7,"comment_status":"open","ping_status":"closed","template":"","meta":{"_locale":"fr_FR","_original_post":"1172","footnotes":""},"class_list":["post-1172","page","type-page","status-publish","hentry","fr-FR"],"yoast_head":"<!-- This site is optimized with the Yoast SEO plugin v27.5 - https:\/\/yoast.com\/product\/yoast-seo-wordpress\/ -->\n<title>Conf\u00e9rences et s\u00e9minaires analytics - Julien Coquet<\/title>\n<meta name=\"description\" content=\"Agenda des conf\u00e9rences analytics assur\u00e9es par Julien Coquet, expert en digital analytics reconnu mondialement, et Top Contributeur Google.\" \/>\n<meta name=\"robots\" content=\"index, follow, max-snippet:-1, max-image-preview:large, max-video-preview:-1\" \/>\n<link rel=\"canonical\" href=\"https:\/\/juliencoquet.com\/fr\/conferences\/\" \/>\n<meta property=\"og:locale\" content=\"fr_FR\" \/>\n<meta property=\"og:type\" content=\"article\" \/>\n<meta property=\"og:title\" content=\"Conf\u00e9rences et s\u00e9minaires analytics - Julien Coquet\" \/>\n<meta property=\"og:description\" content=\"Agenda des conf\u00e9rences analytics assur\u00e9es par Julien Coquet, expert en digital analytics reconnu mondialement, et Top Contributeur Google.\" \/>\n<meta property=\"og:url\" content=\"https:\/\/juliencoquet.com\/fr\/conferences\/\" \/>\n<meta property=\"og:site_name\" content=\"Julien Coquet\" \/>\n<meta property=\"article:modified_time\" content=\"2019-09-16T14:54:54+00:00\" \/>\n<meta property=\"og:image\" content=\"https:\/\/juliencoquet.com\/wp-content\/uploads\/2009\/08\/IMG_0964cropped-1024x1024.png\" \/>\n\t<meta property=\"og:image:width\" content=\"1024\" \/>\n\t<meta property=\"og:image:height\" content=\"1024\" \/>\n\t<meta property=\"og:image:type\" content=\"image\/png\" \/>\n<meta name=\"twitter:card\" content=\"summary_large_image\" \/>\n<meta name=\"twitter:label1\" content=\"Dur\u00e9e de lecture estim\u00e9e\" \/>\n\t<meta name=\"twitter:data1\" content=\"1 minute\" \/>\n<script type=\"application\/ld+json\" class=\"yoast-schema-graph\">{\"@context\":\"https:\\\/\\\/schema.org\",\"@graph\":[{\"@type\":\"WebPage\",\"@id\":\"https:\\\/\\\/juliencoquet.com\\\/fr\\\/conferences\\\/\",\"url\":\"https:\\\/\\\/juliencoquet.com\\\/fr\\\/conferences\\\/\",\"name\":\"Conf\u00e9rences et s\u00e9minaires analytics - Julien Coquet\",\"isPartOf\":{\"@id\":\"https:\\\/\\\/juliencoquet.com\\\/#website\"},\"datePublished\":\"2011-08-14T13:16:28+00:00\",\"dateModified\":\"2019-09-16T14:54:54+00:00\",\"description\":\"Agenda des conf\u00e9rences analytics assur\u00e9es par Julien Coquet, expert en digital analytics reconnu mondialement, et Top Contributeur Google.\",\"breadcrumb\":{\"@id\":\"https:\\\/\\\/juliencoquet.com\\\/fr\\\/conferences\\\/#breadcrumb\"},\"inLanguage\":\"fr-FR\",\"potentialAction\":[{\"@type\":\"ReadAction\",\"target\":[\"https:\\\/\\\/juliencoquet.com\\\/fr\\\/conferences\\\/\"]}]},{\"@type\":\"BreadcrumbList\",\"@id\":\"https:\\\/\\\/juliencoquet.com\\\/fr\\\/conferences\\\/#breadcrumb\",\"itemListElement\":[{\"@type\":\"ListItem\",\"position\":1,\"name\":\"Home\",\"item\":\"https:\\\/\\\/juliencoquet.com\\\/\"},{\"@type\":\"ListItem\",\"position\":2,\"name\":\"Conf\u00e9rences\"}]},{\"@type\":\"WebSite\",\"@id\":\"https:\\\/\\\/juliencoquet.com\\\/#website\",\"url\":\"https:\\\/\\\/juliencoquet.com\\\/\",\"name\":\"Julien Coquet\",\"description\":\"\",\"publisher\":{\"@id\":\"https:\\\/\\\/juliencoquet.com\\\/#\\\/schema\\\/person\\\/16345764b7c7529e428e37fd635ed8ea\"},\"potentialAction\":[{\"@type\":\"SearchAction\",\"target\":{\"@type\":\"EntryPoint\",\"urlTemplate\":\"https:\\\/\\\/juliencoquet.com\\\/?s={search_term_string}\"},\"query-input\":{\"@type\":\"PropertyValueSpecification\",\"valueRequired\":true,\"valueName\":\"search_term_string\"}}],\"inLanguage\":\"fr-FR\"},{\"@type\":[\"Person\",\"Organization\"],\"@id\":\"https:\\\/\\\/juliencoquet.com\\\/#\\\/schema\\\/person\\\/16345764b7c7529e428e37fd635ed8ea\",\"name\":\"julien\",\"image\":{\"@type\":\"ImageObject\",\"inLanguage\":\"fr-FR\",\"@id\":\"https:\\\/\\\/juliencoquet.com\\\/wp-content\\\/uploads\\\/2026\\\/02\\\/julien-coquet-expert-analytics-consultant.jpg\",\"url\":\"https:\\\/\\\/juliencoquet.com\\\/wp-content\\\/uploads\\\/2026\\\/02\\\/julien-coquet-expert-analytics-consultant.jpg\",\"contentUrl\":\"https:\\\/\\\/juliencoquet.com\\\/wp-content\\\/uploads\\\/2026\\\/02\\\/julien-coquet-expert-analytics-consultant.jpg\",\"width\":576,\"height\":576,\"caption\":\"julien\"},\"logo\":{\"@id\":\"https:\\\/\\\/juliencoquet.com\\\/wp-content\\\/uploads\\\/2026\\\/02\\\/julien-coquet-expert-analytics-consultant.jpg\"},\"sameAs\":[\"https:\\\/\\\/juliencoquet.com\"]}]}<\/script>\n<!-- \/ Yoast SEO plugin. -->","yoast_head_json":{"title":"Conf\u00e9rences et s\u00e9minaires analytics - Julien Coquet","description":"Agenda des conf\u00e9rences analytics assur\u00e9es par Julien Coquet, expert en digital analytics reconnu mondialement, et Top Contributeur Google.","robots":{"index":"index","follow":"follow","max-snippet":"max-snippet:-1","max-image-preview":"max-image-preview:large","max-video-preview":"max-video-preview:-1"},"canonical":"https:\/\/juliencoquet.com\/fr\/conferences\/","og_locale":"fr_FR","og_type":"article","og_title":"Conf\u00e9rences et s\u00e9minaires analytics - Julien Coquet","og_description":"Agenda des conf\u00e9rences analytics assur\u00e9es par Julien Coquet, expert en digital analytics reconnu mondialement, et Top Contributeur Google.","og_url":"https:\/\/juliencoquet.com\/fr\/conferences\/","og_site_name":"Julien Coquet","article_modified_time":"2019-09-16T14:54:54+00:00","og_image":[{"width":1024,"height":1024,"url":"https:\/\/juliencoquet.com\/wp-content\/uploads\/2009\/08\/IMG_0964cropped-1024x1024.png","type":"image\/png"}],"twitter_card":"summary_large_image","twitter_misc":{"Dur\u00e9e de lecture estim\u00e9e":"1 minute"},"schema":{"@context":"https:\/\/schema.org","@graph":[{"@type":"WebPage","@id":"https:\/\/juliencoquet.com\/fr\/conferences\/","url":"https:\/\/juliencoquet.com\/fr\/conferences\/","name":"Conf\u00e9rences et s\u00e9minaires analytics - Julien Coquet","isPartOf":{"@id":"https:\/\/juliencoquet.com\/#website"},"datePublished":"2011-08-14T13:16:28+00:00","dateModified":"2019-09-16T14:54:54+00:00","description":"Agenda des conf\u00e9rences analytics assur\u00e9es par Julien Coquet, expert en digital analytics reconnu mondialement, et Top Contributeur Google.","breadcrumb":{"@id":"https:\/\/juliencoquet.com\/fr\/conferences\/#breadcrumb"},"inLanguage":"fr-FR","potentialAction":[{"@type":"ReadAction","target":["https:\/\/juliencoquet.com\/fr\/conferences\/"]}]},{"@type":"BreadcrumbList","@id":"https:\/\/juliencoquet.com\/fr\/conferences\/#breadcrumb","itemListElement":[{"@type":"ListItem","position":1,"name":"Home","item":"https:\/\/juliencoquet.com\/"},{"@type":"ListItem","position":2,"name":"Conf\u00e9rences"}]},{"@type":"WebSite","@id":"https:\/\/juliencoquet.com\/#website","url":"https:\/\/juliencoquet.com\/","name":"Julien Coquet","description":"","publisher":{"@id":"https:\/\/juliencoquet.com\/#\/schema\/person\/16345764b7c7529e428e37fd635ed8ea"},"potentialAction":[{"@type":"SearchAction","target":{"@type":"EntryPoint","urlTemplate":"https:\/\/juliencoquet.com\/?s={search_term_string}"},"query-input":{"@type":"PropertyValueSpecification","valueRequired":true,"valueName":"search_term_string"}}],"inLanguage":"fr-FR"},{"@type":["Person","Organization"],"@id":"https:\/\/juliencoquet.com\/#\/schema\/person\/16345764b7c7529e428e37fd635ed8ea","name":"julien","image":{"@type":"ImageObject","inLanguage":"fr-FR","@id":"https:\/\/juliencoquet.com\/wp-content\/uploads\/2026\/02\/julien-coquet-expert-analytics-consultant.jpg","url":"https:\/\/juliencoquet.com\/wp-content\/uploads\/2026\/02\/julien-coquet-expert-analytics-consultant.jpg","contentUrl":"https:\/\/juliencoquet.com\/wp-content\/uploads\/2026\/02\/julien-coquet-expert-analytics-consultant.jpg","width":576,"height":576,"caption":"julien"},"logo":{"@id":"https:\/\/juliencoquet.com\/wp-content\/uploads\/2026\/02\/julien-coquet-expert-analytics-consultant.jpg"},"sameAs":["https:\/\/juliencoquet.com"]}]}},"_links":{"self":[{"href":"https:\/\/juliencoquet.com\/wp-json\/wp\/v2\/pages\/1172","targetHints":{"allow":["GET"]}}],"collection":[{"href":"https:\/\/juliencoquet.com\/wp-json\/wp\/v2\/pages"}],"about":[{"href":"https:\/\/juliencoquet.com\/wp-json\/wp\/v2\/types\/page"}],"author":[{"embeddable":true,"href":"https:\/\/juliencoquet.com\/wp-json\/wp\/v2\/users\/2"}],"replies":[{"embeddable":true,"href":"https:\/\/juliencoquet.com\/wp-json\/wp\/v2\/comments?post=1172"}],"version-history":[{"count":0,"href":"https:\/\/juliencoquet.com\/wp-json\/wp\/v2\/pages\/1172\/revisions"}],"wp:attachment":[{"href":"https:\/\/juliencoquet.com\/wp-json\/wp\/v2\/media?parent=1172"}],"curies":[{"name":"wp","href":"https:\/\/api.w.org\/{rel}","templated":true}]}}